{"id":1890,"date":"2020-10-28T21:14:37","date_gmt":"2020-10-29T00:14:37","guid":{"rendered":"https:\/\/www.parkingfloor.cl\/v2\/?page_id=1890"},"modified":"2020-10-28T21:16:47","modified_gmt":"2020-10-29T00:16:47","slug":"escalera-telescopica-6-40-m-24-peldanos-fibra-vidrio-2","status":"publish","type":"page","link":"https:\/\/www.parkingfloor.cl\/v2\/arriendo\/escalera-telescopica-6-40-m-24-peldanos-fibra-vidrio-2\/","title":{"rendered":"ESCALERA TELESC\u00d3PICA 6.40 M 24 PELDA\u00d1OS FIBRA VIDRIO"},"content":{"rendered":"\t\t<div data-elementor-type=\"wp-page\" data-elementor-id=\"1890\" class=\"elementor elementor-1890\" data-elementor-post-type=\"page\">\n\t\t\t\t\t\t<section class=\"elementor-section elementor-top-section elementor-element elementor-element-a5374b3 elementor-section-full_width elementor-section-height-default elementor-section-height-default\" data-id=\"a5374b3\" data-element_type=\"section\" data-e-type=\"section\">\n\t\t\t\t\t\t<div class=\"elementor-container elementor-column-gap-default\">\n\t\t\t\t\t<div class=\"elementor-column elementor-col-50 elementor-top-column elementor-element elementor-element-78cf6f3\" data-id=\"78cf6f3\" data-element_type=\"column\" data-e-type=\"column\">\n\t\t\t<div class=\"elementor-widget-wrap elementor-element-populated\">\n\t\t\t\t\t\t<div class=\"elementor-element elementor-element-d2b5701 elementor-widget elementor-widget-heading\" data-id=\"d2b5701\" data-element_type=\"widget\" data-e-type=\"widget\" data-widget_type=\"heading.default\">\n\t\t\t\t<div class=\"elementor-widget-container\">\n\t\t\t\t\t<h3 class=\"elementor-heading-title elementor-size-default\"><span style=\"font-size: 27px\">ESCALERA TELESC\u00d3PICA 6.40 M 24 PELDA\u00d1OS FIBRA VIDRIO<\/span><\/h3>\t\t\t\t<\/div>\n\t\t\t\t<\/div>\n\t\t\t\t\t<\/div>\n\t\t<\/div>\n\t\t\t\t<div class=\"elementor-column elementor-col-50 elementor-top-column elementor-element elementor-element-15837d7\" data-id=\"15837d7\" data-element_type=\"column\" data-e-type=\"column\">\n\t\t\t<div class=\"elementor-widget-wrap elementor-element-populated\">\n\t\t\t\t\t\t<div class=\"elementor-element elementor-element-5f76f33 elementor-widget elementor-widget-spacer\" data-id=\"5f76f33\" data-element_type=\"widget\" data-e-type=\"widget\" data-widget_type=\"spacer.default\">\n\t\t\t\t<div class=\"elementor-widget-container\">\n\t\t\t\t\t\t\t<div class=\"elementor-spacer\">\n\t\t\t<div class=\"elementor-spacer-inner\"><\/div>\n\t\t<\/div>\n\t\t\t\t\t\t<\/div>\n\t\t\t\t<\/div>\n\t\t\t\t\t<\/div>\n\t\t<\/div>\n\t\t\t\t\t<\/div>\n\t\t<\/section>\n\t\t\t\t<section class=\"elementor-section elementor-top-section elementor-element elementor-element-7e18879 elementor-section-boxed elementor-section-height-default elementor-section-height-default\" data-id=\"7e18879\" data-element_type=\"section\" data-e-type=\"section\">\n\t\t\t\t\t\t<div class=\"elementor-container elementor-column-gap-default\">\n\t\t\t\t\t<div class=\"elementor-column elementor-col-50 elementor-top-column elementor-element elementor-element-a65ff86\" data-id=\"a65ff86\" data-element_type=\"column\" data-e-type=\"column\">\n\t\t\t<div class=\"elementor-widget-wrap elementor-element-populated\">\n\t\t\t\t\t\t<div class=\"elementor-element elementor-element-4e81c92 elementor-widget elementor-widget-image\" data-id=\"4e81c92\" data-element_type=\"widget\" data-e-type=\"widget\" data-widget_type=\"image.default\">\n\t\t\t\t<div class=\"elementor-widget-container\">\n\t\t\t\t\t\t\t\t\t\t\t\t<figure class=\"wp-caption\">\n\t\t\t\t\t\t\t\t\t\t<img fetchpriority=\"high\" decoding=\"async\" width=\"600\" height=\"600\" src=\"https:\/\/www.parkingfloor.cl\/v2\/wp-content\/uploads\/2020\/10\/ESCALERA-TELESCOPICA-6.40-M-24-PELDANOS-FIBRA-VIDRIO.jpg\" class=\"attachment-medium_large size-medium_large wp-image-1682\" alt=\"\" srcset=\"https:\/\/www.parkingfloor.cl\/v2\/wp-content\/uploads\/2020\/10\/ESCALERA-TELESCOPICA-6.40-M-24-PELDANOS-FIBRA-VIDRIO.jpg 600w, https:\/\/www.parkingfloor.cl\/v2\/wp-content\/uploads\/2020\/10\/ESCALERA-TELESCOPICA-6.40-M-24-PELDANOS-FIBRA-VIDRIO-300x300.jpg 300w, https:\/\/www.parkingfloor.cl\/v2\/wp-content\/uploads\/2020\/10\/ESCALERA-TELESCOPICA-6.40-M-24-PELDANOS-FIBRA-VIDRIO-150x150.jpg 150w, https:\/\/www.parkingfloor.cl\/v2\/wp-content\/uploads\/2020\/10\/ESCALERA-TELESCOPICA-6.40-M-24-PELDANOS-FIBRA-VIDRIO-250x250.jpg 250w, https:\/\/www.parkingfloor.cl\/v2\/wp-content\/uploads\/2020\/10\/ESCALERA-TELESCOPICA-6.40-M-24-PELDANOS-FIBRA-VIDRIO-100x100.jpg 100w, https:\/\/www.parkingfloor.cl\/v2\/wp-content\/uploads\/2020\/10\/ESCALERA-TELESCOPICA-6.40-M-24-PELDANOS-FIBRA-VIDRIO-380x380.jpg 380w\" sizes=\"(max-width: 600px) 100vw, 600px\" \/>\t\t\t\t\t\t\t\t\t\t\t<figcaption class=\"widget-image-caption wp-caption-text\"><\/figcaption>\n\t\t\t\t\t\t\t\t\t\t<\/figure>\n\t\t\t\t\t\t\t\t\t<\/div>\n\t\t\t\t<\/div>\n\t\t\t\t\t<\/div>\n\t\t<\/div>\n\t\t\t\t<div class=\"elementor-column elementor-col-50 elementor-top-column elementor-element elementor-element-73749ca\" data-id=\"73749ca\" data-element_type=\"column\" data-e-type=\"column\">\n\t\t\t<div class=\"elementor-widget-wrap elementor-element-populated\">\n\t\t\t\t\t\t<div class=\"elementor-element elementor-element-7de88ec elementor-widget elementor-widget-text-editor\" data-id=\"7de88ec\" data-element_type=\"widget\" data-e-type=\"widget\" data-widget_type=\"text-editor.default\">\n\t\t\t\t<div class=\"elementor-widget-container\">\n\t\t\t\t\t\t\t\t\t<h3>Descripci\u00f3n del Producto<\/h3><div class=\"single-description\"><h3><strong>Escalera telesc\u00f3pica 6.40 m 24 pelda\u00f1os fibra vidrio<\/strong><\/h3><p><strong>Valor de arriendo por d\u00eda es de $ 3.990 + IVA.<\/strong><\/p><p><span style=\"color: #ff0000;\">M\u00ednimo de arriendo es de 3 d\u00edas.<\/span><\/p><\/div>\t\t\t\t\t\t\t\t<\/div>\n\t\t\t\t<\/div>\n\t\t\t\t<div class=\"elementor-element elementor-element-0195501 elementor-align-left elementor-widget elementor-widget-button\" data-id=\"0195501\" data-element_type=\"widget\" data-e-type=\"widget\" data-widget_type=\"button.default\">\n\t\t\t\t<div class=\"elementor-widget-container\">\n\t\t\t\t\t\t\t\t\t<div class=\"elementor-button-wrapper\">\n\t\t\t\t\t<a class=\"elementor-button elementor-button-link elementor-size-sm\" href=\"https:\/\/www.parkingfloor.cl\/v2\/contacto\/\" target=\"_blank\">\n\t\t\t\t\t\t<span class=\"elementor-button-content-wrapper\">\n\t\t\t\t\t\t<span class=\"elementor-button-icon\">\n\t\t\t\t<i aria-hidden=\"true\" class=\"fas fa-dollar-sign\"><\/i>\t\t\t<\/span>\n\t\t\t\t\t\t\t\t\t<span class=\"elementor-button-text\">Cotice aqu\u00ed<\/span>\n\t\t\t\t\t<\/span>\n\t\t\t\t\t<\/a>\n\t\t\t\t<\/div>\n\t\t\t\t\t\t\t\t<\/div>\n\t\t\t\t<\/div>\n\t\t\t\t\t<\/div>\n\t\t<\/div>\n\t\t\t\t\t<\/div>\n\t\t<\/section>\n\t\t\t\t<section class=\"elementor-section elementor-top-section elementor-element elementor-element-1dac9de elementor-section-boxed elementor-section-height-default elementor-section-height-default\" data-id=\"1dac9de\" data-element_type=\"section\" data-e-type=\"section\">\n\t\t\t\t\t\t<div class=\"elementor-container elementor-column-gap-default\">\n\t\t\t\t\t<div class=\"elementor-column elementor-col-100 elementor-top-column elementor-element elementor-element-e839e2f\" data-id=\"e839e2f\" data-element_type=\"column\" data-e-type=\"column\">\n\t\t\t<div class=\"elementor-widget-wrap elementor-element-populated\">\n\t\t\t\t\t\t<div class=\"elementor-element elementor-element-1977b1d elementor-widget elementor-widget-spacer\" data-id=\"1977b1d\" data-element_type=\"widget\" data-e-type=\"widget\" data-widget_type=\"spacer.default\">\n\t\t\t\t<div class=\"elementor-widget-container\">\n\t\t\t\t\t\t\t<div class=\"elementor-spacer\">\n\t\t\t<div class=\"elementor-spacer-inner\"><\/div>\n\t\t<\/div>\n\t\t\t\t\t\t<\/div>\n\t\t\t\t<\/div>\n\t\t\t\t\t<\/div>\n\t\t<\/div>\n\t\t\t\t\t<\/div>\n\t\t<\/section>\n\t\t\t\t<\/div>\n\t\t","protected":false},"excerpt":{"rendered":"<p>ESCALERA TELESC\u00d3PICA 6.40 M 24 PELDA\u00d1OS FIBRA VIDRIO Descripci\u00f3n del Producto Escalera telesc\u00f3pica 6.40 m 24 pelda\u00f1os fibra vidrio Valor de arriendo por d\u00eda es de $ 3.990 + IVA. M\u00ednimo de arriendo es de 3 d\u00edas. Cotice aqu\u00ed<\/p>\n","protected":false},"author":2,"featured_media":0,"parent":1651,"menu_order":0,"comment_status":"closed","ping_status":"closed","template":"","meta":{"content-type":"","footnotes":""},"class_list":["post-1890","page","type-page","status-publish","hentry"],"_links":{"self":[{"href":"https:\/\/www.parkingfloor.cl\/v2\/wp-json\/wp\/v2\/pages\/1890"}],"collection":[{"href":"https:\/\/www.parkingfloor.cl\/v2\/wp-json\/wp\/v2\/pages"}],"about":[{"href":"https:\/\/www.parkingfloor.cl\/v2\/wp-json\/wp\/v2\/types\/page"}],"author":[{"embeddable":true,"href":"https:\/\/www.parkingfloor.cl\/v2\/wp-json\/wp\/v2\/users\/2"}],"replies":[{"embeddable":true,"href":"https:\/\/www.parkingfloor.cl\/v2\/wp-json\/wp\/v2\/comments?post=1890"}],"version-history":[{"count":2,"href":"https:\/\/www.parkingfloor.cl\/v2\/wp-json\/wp\/v2\/pages\/1890\/revisions"}],"predecessor-version":[{"id":1892,"href":"https:\/\/www.parkingfloor.cl\/v2\/wp-json\/wp\/v2\/pages\/1890\/revisions\/1892"}],"up":[{"embeddable":true,"href":"https:\/\/www.parkingfloor.cl\/v2\/wp-json\/wp\/v2\/pages\/1651"}],"wp:attachment":[{"href":"https:\/\/www.parkingfloor.cl\/v2\/wp-json\/wp\/v2\/media?parent=1890"}],"curies":[{"name":"wp","href":"https:\/\/api.w.org\/{rel}","templated":true}]}}