{"id":1948,"date":"2020-10-28T22:28:21","date_gmt":"2020-10-29T01:28:21","guid":{"rendered":"https:\/\/www.parkingfloor.cl\/v2\/?page_id=1948"},"modified":"2020-10-28T22:30:33","modified_gmt":"2020-10-29T01:30:33","slug":"hidrolavadora-powerpro-alta-presion-ip2500-2","status":"publish","type":"page","link":"https:\/\/www.parkingfloor.cl\/v2\/arriendo\/hidrolavadora-powerpro-alta-presion-ip2500-2\/","title":{"rendered":"HIDROLAVADORA POWERPRO ALTA PRESI\u00d3N IP2500"},"content":{"rendered":"\t\t<div data-elementor-type=\"wp-page\" data-elementor-id=\"1948\" class=\"elementor elementor-1948\" data-elementor-post-type=\"page\">\n\t\t\t\t\t\t<section class=\"elementor-section elementor-top-section elementor-element elementor-element-633387c elementor-section-full_width elementor-section-height-default elementor-section-height-default\" data-id=\"633387c\" data-element_type=\"section\" data-e-type=\"section\">\n\t\t\t\t\t\t<div class=\"elementor-container elementor-column-gap-default\">\n\t\t\t\t\t<div class=\"elementor-column elementor-col-50 elementor-top-column elementor-element elementor-element-f4d7417\" data-id=\"f4d7417\" data-element_type=\"column\" data-e-type=\"column\">\n\t\t\t<div class=\"elementor-widget-wrap elementor-element-populated\">\n\t\t\t\t\t\t<div class=\"elementor-element elementor-element-368b794 elementor-widget elementor-widget-heading\" data-id=\"368b794\" data-element_type=\"widget\" data-e-type=\"widget\" data-widget_type=\"heading.default\">\n\t\t\t\t<div class=\"elementor-widget-container\">\n\t\t\t\t\t<h3 class=\"elementor-heading-title elementor-size-default\"><span style=\"font-size: 27px\">HIDROLAVADORA POWERPRO ALTA PRESI\u00d3N IP2500<\/span><\/h3>\t\t\t\t<\/div>\n\t\t\t\t<\/div>\n\t\t\t\t\t<\/div>\n\t\t<\/div>\n\t\t\t\t<div class=\"elementor-column elementor-col-50 elementor-top-column elementor-element elementor-element-ab0f14d\" data-id=\"ab0f14d\" data-element_type=\"column\" data-e-type=\"column\">\n\t\t\t<div class=\"elementor-widget-wrap elementor-element-populated\">\n\t\t\t\t\t\t<div class=\"elementor-element elementor-element-80e5663 elementor-widget elementor-widget-spacer\" data-id=\"80e5663\" data-element_type=\"widget\" data-e-type=\"widget\" data-widget_type=\"spacer.default\">\n\t\t\t\t<div class=\"elementor-widget-container\">\n\t\t\t\t\t\t\t<div class=\"elementor-spacer\">\n\t\t\t<div class=\"elementor-spacer-inner\"><\/div>\n\t\t<\/div>\n\t\t\t\t\t\t<\/div>\n\t\t\t\t<\/div>\n\t\t\t\t\t<\/div>\n\t\t<\/div>\n\t\t\t\t\t<\/div>\n\t\t<\/section>\n\t\t\t\t<section class=\"elementor-section elementor-top-section elementor-element elementor-element-f2fe309 elementor-section-boxed elementor-section-height-default elementor-section-height-default\" data-id=\"f2fe309\" data-element_type=\"section\" data-e-type=\"section\">\n\t\t\t\t\t\t<div class=\"elementor-container elementor-column-gap-default\">\n\t\t\t\t\t<div class=\"elementor-column elementor-col-50 elementor-top-column elementor-element elementor-element-4a186f0\" data-id=\"4a186f0\" data-element_type=\"column\" data-e-type=\"column\">\n\t\t\t<div class=\"elementor-widget-wrap elementor-element-populated\">\n\t\t\t\t\t\t<div class=\"elementor-element elementor-element-3a7fc30 elementor-widget elementor-widget-image\" data-id=\"3a7fc30\" data-element_type=\"widget\" data-e-type=\"widget\" data-widget_type=\"image.default\">\n\t\t\t\t<div class=\"elementor-widget-container\">\n\t\t\t\t\t\t\t\t\t\t\t\t<figure class=\"wp-caption\">\n\t\t\t\t\t\t\t\t\t\t<img fetchpriority=\"high\" decoding=\"async\" width=\"600\" height=\"600\" src=\"https:\/\/www.parkingfloor.cl\/v2\/wp-content\/uploads\/2020\/10\/HIDROLAVADORA-POWERPRO-ALTA-PRESION-IP2500.jpg\" class=\"attachment-medium_large size-medium_large wp-image-1717\" alt=\"\" srcset=\"https:\/\/www.parkingfloor.cl\/v2\/wp-content\/uploads\/2020\/10\/HIDROLAVADORA-POWERPRO-ALTA-PRESION-IP2500.jpg 600w, https:\/\/www.parkingfloor.cl\/v2\/wp-content\/uploads\/2020\/10\/HIDROLAVADORA-POWERPRO-ALTA-PRESION-IP2500-300x300.jpg 300w, https:\/\/www.parkingfloor.cl\/v2\/wp-content\/uploads\/2020\/10\/HIDROLAVADORA-POWERPRO-ALTA-PRESION-IP2500-150x150.jpg 150w, https:\/\/www.parkingfloor.cl\/v2\/wp-content\/uploads\/2020\/10\/HIDROLAVADORA-POWERPRO-ALTA-PRESION-IP2500-250x250.jpg 250w, https:\/\/www.parkingfloor.cl\/v2\/wp-content\/uploads\/2020\/10\/HIDROLAVADORA-POWERPRO-ALTA-PRESION-IP2500-100x100.jpg 100w, https:\/\/www.parkingfloor.cl\/v2\/wp-content\/uploads\/2020\/10\/HIDROLAVADORA-POWERPRO-ALTA-PRESION-IP2500-380x380.jpg 380w\" sizes=\"(max-width: 600px) 100vw, 600px\" \/>\t\t\t\t\t\t\t\t\t\t\t<figcaption class=\"widget-image-caption wp-caption-text\"><\/figcaption>\n\t\t\t\t\t\t\t\t\t\t<\/figure>\n\t\t\t\t\t\t\t\t\t<\/div>\n\t\t\t\t<\/div>\n\t\t\t\t\t<\/div>\n\t\t<\/div>\n\t\t\t\t<div class=\"elementor-column elementor-col-50 elementor-top-column elementor-element elementor-element-e30e5b6\" data-id=\"e30e5b6\" data-element_type=\"column\" data-e-type=\"column\">\n\t\t\t<div class=\"elementor-widget-wrap elementor-element-populated\">\n\t\t\t\t\t\t<div class=\"elementor-element elementor-element-c244a49 elementor-widget elementor-widget-text-editor\" data-id=\"c244a49\" data-element_type=\"widget\" data-e-type=\"widget\" data-widget_type=\"text-editor.default\">\n\t\t\t\t<div class=\"elementor-widget-container\">\n\t\t\t\t\t\t\t\t\t<h3>Descripci\u00f3n de producto\u00a0<\/h3><div class=\"single-description\"><p>Potencia\u00a0<strong>2500W<\/strong><br \/>Presi\u00f3n m\u00e1xima\u00a0<strong>195Bar<\/strong><br \/>Caudal m\u00e1ximo\u00a0<strong>8,7L\/min<\/strong><br \/>T\u00ba m\u00e1xima de agua\u00a0<strong>50\u00baC<\/strong><br \/>Nivel de potencia sonora\u00a0<strong>86dB<\/strong><br \/>Vibraciones\u00a0<strong>2,5m\/s2<\/strong><br \/><strong>Motor Inducci\u00f3n<br \/>Garant\u00eda 1 a\u00f1o<\/strong><br \/>Dimensiones (LAH)\u00a0<strong>101 x 38 x 37cm<\/strong><br \/>Peso 22kg<\/p><\/div>\t\t\t\t\t\t\t\t<\/div>\n\t\t\t\t<\/div>\n\t\t\t\t<div class=\"elementor-element elementor-element-efad299 elementor-align-left elementor-widget elementor-widget-button\" data-id=\"efad299\" data-element_type=\"widget\" data-e-type=\"widget\" data-widget_type=\"button.default\">\n\t\t\t\t<div class=\"elementor-widget-container\">\n\t\t\t\t\t\t\t\t\t<div class=\"elementor-button-wrapper\">\n\t\t\t\t\t<a class=\"elementor-button elementor-button-link elementor-size-sm\" href=\"https:\/\/www.parkingfloor.cl\/v2\/contacto\/\" target=\"_blank\">\n\t\t\t\t\t\t<span class=\"elementor-button-content-wrapper\">\n\t\t\t\t\t\t<span class=\"elementor-button-icon\">\n\t\t\t\t<i aria-hidden=\"true\" class=\"fas fa-dollar-sign\"><\/i>\t\t\t<\/span>\n\t\t\t\t\t\t\t\t\t<span class=\"elementor-button-text\">Cotice aqu\u00ed<\/span>\n\t\t\t\t\t<\/span>\n\t\t\t\t\t<\/a>\n\t\t\t\t<\/div>\n\t\t\t\t\t\t\t\t<\/div>\n\t\t\t\t<\/div>\n\t\t\t\t\t<\/div>\n\t\t<\/div>\n\t\t\t\t\t<\/div>\n\t\t<\/section>\n\t\t\t\t<section class=\"elementor-section elementor-top-section elementor-element elementor-element-95ad7cd elementor-section-boxed elementor-section-height-default elementor-section-height-default\" data-id=\"95ad7cd\" data-element_type=\"section\" data-e-type=\"section\">\n\t\t\t\t\t\t<div class=\"elementor-container elementor-column-gap-default\">\n\t\t\t\t\t<div class=\"elementor-column elementor-col-100 elementor-top-column elementor-element elementor-element-5fc5f51\" data-id=\"5fc5f51\" data-element_type=\"column\" data-e-type=\"column\">\n\t\t\t<div class=\"elementor-widget-wrap elementor-element-populated\">\n\t\t\t\t\t\t<div class=\"elementor-element elementor-element-dc5a822 elementor-widget elementor-widget-spacer\" data-id=\"dc5a822\" data-element_type=\"widget\" data-e-type=\"widget\" data-widget_type=\"spacer.default\">\n\t\t\t\t<div class=\"elementor-widget-container\">\n\t\t\t\t\t\t\t<div class=\"elementor-spacer\">\n\t\t\t<div class=\"elementor-spacer-inner\"><\/div>\n\t\t<\/div>\n\t\t\t\t\t\t<\/div>\n\t\t\t\t<\/div>\n\t\t\t\t\t<\/div>\n\t\t<\/div>\n\t\t\t\t\t<\/div>\n\t\t<\/section>\n\t\t\t\t<\/div>\n\t\t","protected":false},"excerpt":{"rendered":"<p>HIDROLAVADORA POWERPRO ALTA PRESI\u00d3N IP2500 Descripci\u00f3n de producto\u00a0 Potencia\u00a02500WPresi\u00f3n m\u00e1xima\u00a0195BarCaudal m\u00e1ximo\u00a08,7L\/minT\u00ba m\u00e1xima de agua\u00a050\u00baCNivel de potencia sonora\u00a086dBVibraciones\u00a02,5m\/s2Motor Inducci\u00f3nGarant\u00eda 1 a\u00f1oDimensiones (LAH)\u00a0101 x 38 x 37cmPeso 22kg Cotice aqu\u00ed<\/p>\n","protected":false},"author":2,"featured_media":0,"parent":1651,"menu_order":0,"comment_status":"closed","ping_status":"closed","template":"","meta":{"content-type":"","footnotes":""},"class_list":["post-1948","page","type-page","status-publish","hentry"],"_links":{"self":[{"href":"https:\/\/www.parkingfloor.cl\/v2\/wp-json\/wp\/v2\/pages\/1948"}],"collection":[{"href":"https:\/\/www.parkingfloor.cl\/v2\/wp-json\/wp\/v2\/pages"}],"about":[{"href":"https:\/\/www.parkingfloor.cl\/v2\/wp-json\/wp\/v2\/types\/page"}],"author":[{"embeddable":true,"href":"https:\/\/www.parkingfloor.cl\/v2\/wp-json\/wp\/v2\/users\/2"}],"replies":[{"embeddable":true,"href":"https:\/\/www.parkingfloor.cl\/v2\/wp-json\/wp\/v2\/comments?post=1948"}],"version-history":[{"count":2,"href":"https:\/\/www.parkingfloor.cl\/v2\/wp-json\/wp\/v2\/pages\/1948\/revisions"}],"predecessor-version":[{"id":1950,"href":"https:\/\/www.parkingfloor.cl\/v2\/wp-json\/wp\/v2\/pages\/1948\/revisions\/1950"}],"up":[{"embeddable":true,"href":"https:\/\/www.parkingfloor.cl\/v2\/wp-json\/wp\/v2\/pages\/1651"}],"wp:attachment":[{"href":"https:\/\/www.parkingfloor.cl\/v2\/wp-json\/wp\/v2\/media?parent=1948"}],"curies":[{"name":"wp","href":"https:\/\/api.w.org\/{rel}","templated":true}]}}